{"id":80,"date":"2011-03-15T16:17:29","date_gmt":"2011-03-15T20:17:29","guid":{"rendered":"http:\/\/www.goldenmusic.cl\/i\/?page_id=80"},"modified":"2016-12-22T19:41:50","modified_gmt":"2016-12-22T22:41:50","slug":"politicas-de-uso","status":"publish","type":"page","link":"http:\/\/www.goldenmusic.cl\/i\/politicas-de-uso\/","title":{"rendered":"Pol\u00edticas de Uso"},"content":{"rendered":"<p style=\"text-align: center;\"><img decoding=\"async\" loading=\"lazy\" class=\"aligncenter\" style=\"border: 0px;\" src=\"http:\/\/i.imgur.com\/fdVh4Pq.gif\" alt=\"Create your own banner at mybannermaker.com!\" width=\"728\" height=\"200\" border=\"0\" \/><\/p>\n<p><strong>Golden Music<\/strong> es el titular de todos los derechos de autor sobre todo el contenido de este sitio web, correspondiente al nombre de dominio \u201cgoldenmusic.cl\u201d, en adelante los \u201cContenidos\u201d, o bien se encuentra debidamente autorizado por los respectivos titulares de derechos para utilizar los Contenidos en los presentes t\u00e9rminos. Los Contenidos incluyen, sin importar limitaci\u00f3n alguna, el dise\u00f1o del sitio web, los textos, fotograf\u00edas, m\u00fasica, videos y el nombre de dominio \u201cgoldenmusic.cl\u201d en s\u00ed mismo.<\/p>\n<div>\n<p style=\"text-align: justify;\">GoldenMusic autoriza las reproducciones temporales de los Contenidos, s\u00f3lo para efectos que un usuario pueda acceder al sitio web correspondiente al nombre de dominio \u201cgoldenmusic.cl\u201d. Adem\u00e1s, autoriza la impresi\u00f3n y el almacenamiento en soportes electr\u00f3nicos de los Contenidos por parte de los usuarios, exclusivamente para su uso personal y sin fines de lucro, a condici\u00f3n que dichos Contenidos no se est\u00e9n comercializando actualmente en el mercado. Por \u00faltimo, autoriza el establecimiento de hiperv\u00ednculos o \u201clinks\u201d desde otros sitios web, siempre que est\u00e9n dirigidos a la p\u00e1gina principal o \u201cindex\u201d del sitio web correspondiente al nombre de dominio \u201cgoldenmusic.cl\u201d.<\/p>\n<p style=\"text-align: justify;\"><strong>GoldenMusic<\/strong> podr\u00e1 denegar en cualquier momento y sin necesidad de aviso previo el acceso a este sitio web; podr\u00e1 modificar o eliminar unilateralmente y sin previo aviso, siempre que lo considere oportuno, todo o parte de los Contenidos y las condiciones de acceso y\/o uso.<\/p>\n<p style=\"text-align: justify;\"><strong>GoldenMusic<\/strong> no se hace responsable de la falta de disponibilidad y efectivo funcionamiento de este sitio web, de sus servicios o de los Contenidos; de la falta de utilidad, adecuaci\u00f3n o validez de este sitio web, de sus servicios o de los Contenidos para satisfacer necesidades, actividades o resultados concretos o expectativas de los usuarios; la existencia de virus, programas maliciosos o lesivos en los Contenidos; la correcta recepci\u00f3n, por parte de los usuarios, de los Contenidos; el uso il\u00edcito, negligente, fraudulento, contrario a las presentes Condiciones Generales, a la buena fe, a los usos generalmente aceptados y al orden p\u00fablico, de este sitio web, sus servicios o los Contenidos, por parte de los usuarios; y la falta de licitud, calidad, fiabilidad, utilidad y disponibilidad de los servicios prestados por terceros y puestos a disposici\u00f3n de los usuarios en este sitio web.<\/p>\n<p>Golden Music<br \/>\nel Pub de Adulto J\u00f3ven<\/p>\n<\/div>\n<p style=\"text-align: center;\"><img decoding=\"async\" loading=\"lazy\" class=\"aligncenter\" style=\"border: 0px;\" src=\"http:\/\/i1057.photobucket.com\/albums\/t396\/glitterboo2\/May%202013%20-%202\/376537d9cdad26a4786bf59d605747bc-out_zpsfe763c64.gif\" alt=\"sparkle software\" width=\"300\" height=\"300\" border=\"0\" \/><\/p>\n<h2 style=\"text-align: center;\">CANAL PLUS ESTRENOS<\/h2>\n<p><iframe loading=\"lazy\" src=\"http:\/\/vercanalestv.com\/tv\/nacionales\/canal-plus-estrenos.html\" width=\"650\" height=\"400\" frameborder=\"0\" marginwidth=\"0\" marginheight=\"0\" scrolling=\"no\" allowfullscreen=\"allowfullscreen\"><\/iframe><\/p>\n<h2 style=\"text-align: center;\"><img decoding=\"async\" loading=\"lazy\" style=\"border: 0px;\" src=\"http:\/\/i.imgur.com\/GWxV0gn.gif\" alt=\"Create your own banner at mybannermaker.com!\" width=\"728\" height=\"200\" border=\"0\" \/><\/h2>\n","protected":false},"excerpt":{"rendered":"<div class=\"mh-excerpt\"><p>Golden Music es el titular de todos los derechos de autor sobre todo el contenido de este sitio web, correspondiente al nombre de dominio \u201cgoldenmusic.cl\u201d, <a class=\"mh-excerpt-more\" href=\"http:\/\/www.goldenmusic.cl\/i\/politicas-de-uso\/\" title=\"Pol\u00edticas de Uso\">[&#8230;]<\/a><\/p>\n<\/div>","protected":false},"author":4,"featured_media":0,"parent":0,"menu_order":0,"comment_status":"closed","ping_status":"closed","template":"","meta":[],"_links":{"self":[{"href":"http:\/\/www.goldenmusic.cl\/i\/wp-json\/wp\/v2\/pages\/80"}],"collection":[{"href":"http:\/\/www.goldenmusic.cl\/i\/wp-json\/wp\/v2\/pages"}],"about":[{"href":"http:\/\/www.goldenmusic.cl\/i\/wp-json\/wp\/v2\/types\/page"}],"author":[{"embeddable":true,"href":"http:\/\/www.goldenmusic.cl\/i\/wp-json\/wp\/v2\/users\/4"}],"replies":[{"embeddable":true,"href":"http:\/\/www.goldenmusic.cl\/i\/wp-json\/wp\/v2\/comments?post=80"}],"version-history":[{"count":5,"href":"http:\/\/www.goldenmusic.cl\/i\/wp-json\/wp\/v2\/pages\/80\/revisions"}],"predecessor-version":[{"id":7476,"href":"http:\/\/www.goldenmusic.cl\/i\/wp-json\/wp\/v2\/pages\/80\/revisions\/7476"}],"wp:attachment":[{"href":"http:\/\/www.goldenmusic.cl\/i\/wp-json\/wp\/v2\/media?parent=80"}],"curies":[{"name":"wp","href":"https:\/\/api.w.org\/{rel}","templated":true}]}}