{"id":24,"date":"2020-01-02T11:08:59","date_gmt":"2020-01-02T14:08:59","guid":{"rendered":"http:\/\/www.goldenmusic.cl\/i\/?page_id=24"},"modified":"2024-03-28T16:18:20","modified_gmt":"2024-03-28T19:18:20","slug":"contactanos","status":"publish","type":"page","link":"https:\/\/www.goldenmusic.cl\/i\/contactanos\/","title":{"rendered":"CONTACTO Y RESERVAS"},"content":{"rendered":"<h1 style=\"text-align: center;\"><img decoding=\"async\" loading=\"lazy\" class=\"aligncenter\" style=\"border: 0px;\" src=\"http:\/\/i.imgur.com\/fdVh4Pq.gif\" alt=\"Create your own banner at mybannermaker.com!\" width=\"728\" height=\"200\" border=\"0\" \/><\/h1>\n<h1 style=\"text-align: center;\"><span style=\"color: #ff0000;\"><strong>Atenci\u00f3n Telef\u00f3nica Clientes<\/strong><\/span><\/h1>\n<h3 style=\"text-align: center;\"><span style=\"color: #ff0000;\"><strong><span style=\"text-decoration: underline;\">(S\u00f3lo D\u00edas y Horarios indicados)<\/span><\/strong><\/span><\/h3>\n<p style=\"text-align: center;\">Jueves, Viernes y S\u00e1bado.<\/p>\n<p>\u00a0 \u00a0 \u00a0 \u00a0 \u00a0 \u00a0 \u00a0 \u00a0 \u00a0 \u00a0 \u00a0 \u00a0 \u00a0 \u00a0 \u00a0 \u00a0 \u00a0 \u00a0 \u00a0 \u00a0 \u00a0 \u00a0 \u00a0 \u00a0 \u00a0 \u00a0 \u00a0 \u00a0 \u00a0<b> Desde 15:00 hasta 20:00 horas.<\/b><\/p>\n<p style=\"text-align: center;\"><em><strong>S\u00f3lo se tomar\u00e1n reservas v\u00eda telef\u00f3nica,<\/strong><\/em><\/p>\n<h2 style=\"text-align: center;\"><span style=\"color: #0000ff;\"><em><strong>CELULAR +569 34883176<\/strong><\/em><\/span><\/h2>\n<p style=\"text-align: center;\"><em><strong>Tel\u00e9fonos Fijo :\u00a0 (2) 2752 1717.-<\/strong><\/em><\/p>\n<h2 style=\"text-align: center;\"><\/h2>\n<h3 style=\"text-align: center;\"><span style=\"text-decoration: underline; color: #ff0000;\"><strong>Sal\u00f3n de Eventos, Bar y Restaurante:<\/strong><\/span><\/h3>\n<p style=\"text-align: center;\"><strong>Domingos a Mi\u00e9rcoles :\u00a0 RECINTO CERRADO !!<\/strong><\/p>\n<p style=\"text-align: center;\"><strong>Jueves de Salsa a partir de las 20:30 hrs. a las 1:30 hrs.<\/strong><\/p>\n<p style=\"text-align: center;\"><strong>Viernes y S\u00e1bados, Bailable desde las 22:00 hrs. a 02:30:hrs. <\/strong><strong>Apr\u00f3x.<\/strong><\/p>\n<p style=\"text-align: center;\"><b>RESERVA DE MESAS SOLO HASTA 21:30 HRS.<\/b><\/p>\n<p><em><strong>\u00a0<\/strong><\/em><\/p>\n<p style=\"text-align: center;\">[si-contact-form form=&#8217;1&#8242;]<\/p>\n<p style=\"text-align: center;\"><img decoding=\"async\" loading=\"lazy\" class=\"aligncenter\" style=\"border: 0px;\" src=\"http:\/\/i1057.photobucket.com\/albums\/t396\/glitterboo2\/May%202013%20-%202\/376537d9cdad26a4786bf59d605747bc-out_zpsfe763c64.gif\" alt=\"sparkle software\" width=\"300\" height=\"300\" border=\"0\" \/><\/p>\n<p><img decoding=\"async\" class=\"aligncenter\" src=\"http:\/\/i.imgur.com\/GWxV0gn.gif\" alt=\"Create your own banner at mybannermaker.com!\" \/><script src=\"http:\/\/files.bannersnack.com\/iframe\/embed.js\" type=\"text\/javascript\"><\/script><\/p>\n","protected":false},"excerpt":{"rendered":"<div class=\"mh-excerpt\"><p>Atenci\u00f3n Telef\u00f3nica Clientes (S\u00f3lo D\u00edas y Horarios indicados) Jueves, Viernes y S\u00e1bado. \u00a0 \u00a0 \u00a0 \u00a0 \u00a0 \u00a0 \u00a0 \u00a0 \u00a0 \u00a0 \u00a0 \u00a0 \u00a0 <a class=\"mh-excerpt-more\" href=\"https:\/\/www.goldenmusic.cl\/i\/contactanos\/\" title=\"CONTACTO Y RESERVAS\">[&#8230;]<\/a><\/p>\n<\/div>","protected":false},"author":4,"featured_media":7234,"parent":0,"menu_order":0,"comment_status":"closed","ping_status":"closed","template":"","meta":[],"_links":{"self":[{"href":"https:\/\/www.goldenmusic.cl\/i\/wp-json\/wp\/v2\/pages\/24"}],"collection":[{"href":"https:\/\/www.goldenmusic.cl\/i\/wp-json\/wp\/v2\/pages"}],"about":[{"href":"https:\/\/www.goldenmusic.cl\/i\/wp-json\/wp\/v2\/types\/page"}],"author":[{"embeddable":true,"href":"https:\/\/www.goldenmusic.cl\/i\/wp-json\/wp\/v2\/users\/4"}],"replies":[{"embeddable":true,"href":"https:\/\/www.goldenmusic.cl\/i\/wp-json\/wp\/v2\/comments?post=24"}],"version-history":[{"count":52,"href":"https:\/\/www.goldenmusic.cl\/i\/wp-json\/wp\/v2\/pages\/24\/revisions"}],"predecessor-version":[{"id":8922,"href":"https:\/\/www.goldenmusic.cl\/i\/wp-json\/wp\/v2\/pages\/24\/revisions\/8922"}],"wp:featuredmedia":[{"embeddable":true,"href":"https:\/\/www.goldenmusic.cl\/i\/wp-json\/wp\/v2\/media\/7234"}],"wp:attachment":[{"href":"https:\/\/www.goldenmusic.cl\/i\/wp-json\/wp\/v2\/media?parent=24"}],"curies":[{"name":"wp","href":"https:\/\/api.w.org\/{rel}","templated":true}]}}